{"id":39,"date":"2022-07-30T09:01:56","date_gmt":"2022-07-30T07:01:56","guid":{"rendered":"https:\/\/barometrestartups.fr\/?page_id=39"},"modified":"2023-02-09T11:21:20","modified_gmt":"2023-02-09T10:21:20","slug":"qui-sommes-nous","status":"publish","type":"page","link":"https:\/\/barometrestartups.fr\/?page_id=39","title":{"rendered":"Qui sommes-nous ?"},"content":{"rendered":"\n<p><strong>Numeum<\/strong>&nbsp;<strong>met \u00e0 la disposition de l\u2019\u00e9cosyst\u00e8me de l\u2019innovation le&nbsp;<\/strong><strong>barom\u00e8tre mensuel&nbsp;et en temps r\u00e9el sur les tendances de l\u2019emploi dans les startups de la French Tech.<\/strong><\/p>\n\n\n\n<p><strong><a href=\"https:\/\/numeum.fr\/\">Numeum<\/a><\/strong>\u00a0<strong>est l\u2019organisation professionnelle de l\u2019\u00e9cosyst\u00e8me num\u00e9rique en France<\/strong>. Elle repr\u00e9sente les entreprises de services du num\u00e9rique (ESN), les \u00e9diteurs de logiciels, les plateformes et les soci\u00e9t\u00e9s d\u2019Ing\u00e9nierie et de Conseil en Technologies (ICT). Numeum rassemble plus de 2 500 entreprises adh\u00e9rentes qui r\u00e9alisent 85% du chiffre d\u2019affaires total du secteur. Dans le cadre de ses missions, l\u2019organisation met en \u0153uvre de nombreuses actions au service des startups, de leur <a href=\"https:\/\/frenchtech120.numeum.fr\/\">valorisation<\/a> \u00e0 leur accompagnement en mati\u00e8re d\u2019acc\u00e8s au financement et d\u2019aide au d\u00e9veloppement de leur business (<a href=\"https:\/\/numeum.fr\/nos-axes-daccompagnement-business-pour-les-startups\">en savoir plus<\/a>). <\/p>\n\n\n\n<p>Ce barom\u00e8tre en ligne de l&#8217;emploi dans les startups en France est \u00e9dit\u00e9 par la soci\u00e9t\u00e9 <a href=\"http:\/\/uchange.co\">U Change<\/a> gr\u00e2ce \u00e0 son outil <a href=\"http:\/\/motherbase.ai\" data-type=\"URL\" data-id=\"motherbase.ai\">Motherbase<\/a> qui identifie, \u00e9value et qualifie plus de 130.000 startups et acteurs de l&rsquo;innovation dans le Monde \u00e0 la fin 2022. Cette large capacit\u00e9 d&rsquo;analyse est possible gr\u00e2ce \u00e0 des algorithmes l&rsquo;Intelligence artificielle qui automatisent l&rsquo;ensemble du proc\u00e9d\u00e9 d&rsquo;identification et de qualification.<\/p>\n\n\n\n<p>Pour identifier certaines tendances sur les dynamiques d\u2019emploi dans les startups en France, la m\u00e9thodologie utilis\u00e9e dans le cadre du barom\u00e8tre repose sur&nbsp;: &nbsp;<\/p>\n\n\n\n<p>\u2022 Un \u00e9chantillon constant de 9 577 startups fran\u00e7aises sur l\u2019ann\u00e9e 2022 ;<br>\u2022 Une mesure mensuelle du nombre d\u2019employ\u00e9s (d\u00e9claratif employ\u00e9) \u00e9tablie par Motherbase&nbsp;;<br>\u2022 Des r\u00e9sultats cumul\u00e9s, par r\u00e9gion, par d\u00e9partement, par secteur d\u2019activit\u00e9.<\/p>\n\n\n\n<p>A partir de ce barom\u00e8tre, vous pouvez t\u00e9l\u00e9charger le fichier des donn\u00e9es brutes avec les informations mensuelles pour chacune des 9 577 startups de l\u2019\u00e9chantillon. Ces donn\u00e9es dont libres pour tous travaux de recherche, mais ne doivent pas faire l\u2019objet d\u2019une utilisation commerciale sans accord pr\u00e9alable.<\/p>\n\n\n\n<p>Ce <em>barom\u00e8tre<\/em> est un <strong>espace collaboratif anim\u00e9 par Numeum<\/strong>. Son ambition : permettre \u00e0 la communaut\u00e9 des acteurs en lien avec l&rsquo;\u00e9cosyst\u00e8me des startups en France de mieux l&rsquo;\u00e9tudier, l&rsquo;analyser et le comprendre. <\/p>\n","protected":false},"excerpt":{"rendered":"<p>Numeum&nbsp;met \u00e0 la disposition de l\u2019\u00e9cosyst\u00e8me de l\u2019innovation le&nbsp;barom\u00e8tre mensuel&nbsp;et en temps r\u00e9el sur les tendances de l\u2019emploi dans les startups de la French Tech. Numeum\u00a0est l\u2019organisation professionnelle de l\u2019\u00e9cosyst\u00e8me num\u00e9rique en France. Elle repr\u00e9sente les entreprises de services du num\u00e9rique (ESN), les \u00e9diteurs de logiciels, les plateformes et les soci\u00e9t\u00e9s d\u2019Ing\u00e9nierie et de Conseil [&hellip;]<\/p>\n","protected":false},"author":1,"featured_media":0,"parent":0,"menu_order":0,"comment_status":"closed","ping_status":"closed","template":"","meta":{"footnotes":""},"class_list":["post-39","page","type-page","status-publish","hentry"],"_links":{"self":[{"href":"https:\/\/barometrestartups.fr\/index.php?rest_route=\/wp\/v2\/pages\/39","targetHints":{"allow":["GET"]}}],"collection":[{"href":"https:\/\/barometrestartups.fr\/index.php?rest_route=\/wp\/v2\/pages"}],"about":[{"href":"https:\/\/barometrestartups.fr\/index.php?rest_route=\/wp\/v2\/types\/page"}],"author":[{"embeddable":true,"href":"https:\/\/barometrestartups.fr\/index.php?rest_route=\/wp\/v2\/users\/1"}],"replies":[{"embeddable":true,"href":"https:\/\/barometrestartups.fr\/index.php?rest_route=%2Fwp%2Fv2%2Fcomments&post=39"}],"version-history":[{"count":7,"href":"https:\/\/barometrestartups.fr\/index.php?rest_route=\/wp\/v2\/pages\/39\/revisions"}],"predecessor-version":[{"id":145,"href":"https:\/\/barometrestartups.fr\/index.php?rest_route=\/wp\/v2\/pages\/39\/revisions\/145"}],"wp:attachment":[{"href":"https:\/\/barometrestartups.fr\/index.php?rest_route=%2Fwp%2Fv2%2Fmedia&parent=39"}],"curies":[{"name":"wp","href":"https:\/\/api.w.org\/{rel}","templated":true}]}}